{"id":1295,"date":"2015-10-19T12:43:42","date_gmt":"2015-10-19T12:43:42","guid":{"rendered":"https:\/\/manelqueralt.net\/?page_id=1295"},"modified":"2024-05-10T21:06:21","modified_gmt":"2024-05-10T19:06:21","slug":"autor","status":"publish","type":"page","link":"https:\/\/manelqueralt.net\/es\/autor\/","title":{"rendered":"Autor"},"content":{"rendered":"<p>[et_pb_section bb_built=\u00bb1&#8243; fullwidth=\u00bbon\u00bb specialty=\u00bboff\u00bb transparent_background=\u00bboff\u00bb background_color=\u00bb#f1f1db\u00bb inner_shadow=\u00bboff\u00bb parallax=\u00bboff\u00bb parallax_method=\u00bboff\u00bb background_image=\u00bbhttps:\/\/manelqueralt.net\/wp-content\/uploads\/2015\/02\/bg_color_03.png\u00bb inner_width=\u00bbauto\u00bb inner_max_width=\u00bb1080px\u00bb next_background_color=\u00bb#ffffff\u00bb][et_pb_fullwidth_header title=\u00bbAutor\u00bb subhead=\u00bbManel Queralt\u00bb background_layout=\u00bblight\u00bb text_orientation=\u00bbcenter\u00bb content_max_width=\u00bbnone\u00bb background_color=\u00bbrgba(255, 255, 255, 0)\u00bb button_one_text_size__hover_enabled=\u00bboff\u00bb button_two_text_size__hover_enabled=\u00bboff\u00bb button_one_text_color__hover_enabled=\u00bboff\u00bb button_two_text_color__hover_enabled=\u00bboff\u00bb button_one_border_width__hover_enabled=\u00bboff\u00bb button_two_border_width__hover_enabled=\u00bboff\u00bb button_one_border_color__hover_enabled=\u00bboff\u00bb button_two_border_color__hover_enabled=\u00bboff\u00bb button_one_border_radius__hover_enabled=\u00bboff\u00bb button_two_border_radius__hover_enabled=\u00bboff\u00bb button_one_letter_spacing__hover_enabled=\u00bboff\u00bb button_two_letter_spacing__hover_enabled=\u00bboff\u00bb button_one_bg_color__hover_enabled=\u00bboff\u00bb button_two_bg_color__hover_enabled=\u00bboff\u00bb \/][\/et_pb_section][et_pb_section bb_built=\u00bb1&#8243; prev_background_color=\u00bb#f1f1db\u00bb inner_width=\u00bbauto\u00bb inner_max_width=\u00bb1080px\u00bb][et_pb_row][et_pb_column type=\u00bb2_3&#8243; custom_padding__hover=\u00bb|||\u00bb custom_padding=\u00bb|||\u00bb][et_pb_image src=\u00bbhttps:\/\/manelqueralt.net\/wp-content\/uploads\/2016\/04\/Foto_llibres.jpg\u00bb show_in_lightbox=\u00bbon\u00bb url_new_window=\u00bboff\u00bb animation=\u00bboff\u00bb sticky=\u00bboff\u00bb animation_style=\u00bbnone\u00bb animation_duration=\u00bb1000ms\u00bb animation_intensity_slide=\u00bb50%\u00bb show_bottom_space=\u00bbon\u00bb align_last_edited=\u00bbon|desktop\u00bb align_tablet=\u00bbcenter\u00bb _builder_version=\u00bb4.25.0&#8243; \/][et_pb_text background_position=\u00bbtop_left\u00bb background_repeat=\u00bbrepeat\u00bb background_size=\u00bbinitial\u00bb _builder_version=\u00bb4.25.0&#8243; background_pattern_color=\u00bbrgba(0,0,0,0.2)\u00bb background_mask_color=\u00bb#ffffff\u00bb text_text_shadow_horizontal_length=\u00bbtext_text_shadow_style,%91object Object%93&#8243; text_text_shadow_horizontal_length_tablet=\u00bb0px\u00bb text_text_shadow_vertical_length=\u00bbtext_text_shadow_style,%91object Object%93&#8243; text_text_shadow_vertical_length_tablet=\u00bb0px\u00bb text_text_shadow_blur_strength=\u00bbtext_text_shadow_style,%91object Object%93&#8243; text_text_shadow_blur_strength_tablet=\u00bb1px\u00bb link_text_shadow_horizontal_length=\u00bblink_text_shadow_style,%91object Object%93&#8243; link_text_shadow_horizontal_length_tablet=\u00bb0px\u00bb link_text_shadow_vertical_length=\u00bblink_text_shadow_style,%91object Object%93&#8243; link_text_shadow_vertical_length_tablet=\u00bb0px\u00bb link_text_shadow_blur_strength=\u00bblink_text_shadow_style,%91object Object%93&#8243; link_text_shadow_blur_strength_tablet=\u00bb1px\u00bb ul_text_shadow_horizontal_length=\u00bbul_text_shadow_style,%91object Object%93&#8243; ul_text_shadow_horizontal_length_tablet=\u00bb0px\u00bb ul_text_shadow_vertical_length=\u00bbul_text_shadow_style,%91object Object%93&#8243; ul_text_shadow_vertical_length_tablet=\u00bb0px\u00bb ul_text_shadow_blur_strength=\u00bbul_text_shadow_style,%91object Object%93&#8243; ul_text_shadow_blur_strength_tablet=\u00bb1px\u00bb ol_text_shadow_horizontal_length=\u00bbol_text_shadow_style,%91object Object%93&#8243; ol_text_shadow_horizontal_length_tablet=\u00bb0px\u00bb ol_text_shadow_vertical_length=\u00bbol_text_shadow_style,%91object Object%93&#8243; ol_text_shadow_vertical_length_tablet=\u00bb0px\u00bb ol_text_shadow_blur_strength=\u00bbol_text_shadow_style,%91object Object%93&#8243; ol_text_shadow_blur_strength_tablet=\u00bb1px\u00bb quote_text_shadow_horizontal_length=\u00bbquote_text_shadow_style,%91object Object%93&#8243; quote_text_shadow_horizontal_length_tablet=\u00bb0px\u00bb quote_text_shadow_vertical_length=\u00bbquote_text_shadow_style,%91object Object%93&#8243; quote_text_shadow_vertical_length_tablet=\u00bb0px\u00bb quote_text_shadow_blur_strength=\u00bbquote_text_shadow_style,%91object Object%93&#8243; quote_text_shadow_blur_strength_tablet=\u00bb1px\u00bb header_text_shadow_horizontal_length=\u00bbheader_text_shadow_style,%91object Object%93&#8243; header_text_shadow_horizontal_length_tablet=\u00bb0px\u00bb header_text_shadow_vertical_length=\u00bbheader_text_shadow_style,%91object Object%93&#8243; header_text_shadow_vertical_length_tablet=\u00bb0px\u00bb header_text_shadow_blur_strength=\u00bbheader_text_shadow_style,%91object Object%93&#8243; header_text_shadow_blur_strength_tablet=\u00bb1px\u00bb header_2_text_shadow_horizontal_length=\u00bbheader_2_text_shadow_style,%91object Object%93&#8243; header_2_text_shadow_horizontal_length_tablet=\u00bb0px\u00bb header_2_text_shadow_vertical_length=\u00bbheader_2_text_shadow_style,%91object Object%93&#8243; header_2_text_shadow_vertical_length_tablet=\u00bb0px\u00bb header_2_text_shadow_blur_strength=\u00bbheader_2_text_shadow_style,%91object Object%93&#8243; header_2_text_shadow_blur_strength_tablet=\u00bb1px\u00bb header_3_text_shadow_horizontal_length=\u00bbheader_3_text_shadow_style,%91object Object%93&#8243; header_3_text_shadow_horizontal_length_tablet=\u00bb0px\u00bb header_3_text_shadow_vertical_length=\u00bbheader_3_text_shadow_style,%91object Object%93&#8243; header_3_text_shadow_vertical_length_tablet=\u00bb0px\u00bb header_3_text_shadow_blur_strength=\u00bbheader_3_text_shadow_style,%91object Object%93&#8243; header_3_text_shadow_blur_strength_tablet=\u00bb1px\u00bb header_4_text_shadow_horizontal_length=\u00bbheader_4_text_shadow_style,%91object Object%93&#8243; header_4_text_shadow_horizontal_length_tablet=\u00bb0px\u00bb header_4_text_shadow_vertical_length=\u00bbheader_4_text_shadow_style,%91object Object%93&#8243; header_4_text_shadow_vertical_length_tablet=\u00bb0px\u00bb header_4_text_shadow_blur_strength=\u00bbheader_4_text_shadow_style,%91object Object%93&#8243; header_4_text_shadow_blur_strength_tablet=\u00bb1px\u00bb header_5_text_shadow_horizontal_length=\u00bbheader_5_text_shadow_style,%91object Object%93&#8243; header_5_text_shadow_horizontal_length_tablet=\u00bb0px\u00bb header_5_text_shadow_vertical_length=\u00bbheader_5_text_shadow_style,%91object Object%93&#8243; header_5_text_shadow_vertical_length_tablet=\u00bb0px\u00bb header_5_text_shadow_blur_strength=\u00bbheader_5_text_shadow_style,%91object Object%93&#8243; header_5_text_shadow_blur_strength_tablet=\u00bb1px\u00bb header_6_text_shadow_horizontal_length=\u00bbheader_6_text_shadow_style,%91object Object%93&#8243; header_6_text_shadow_horizontal_length_tablet=\u00bb0px\u00bb header_6_text_shadow_vertical_length=\u00bbheader_6_text_shadow_style,%91object Object%93&#8243; header_6_text_shadow_vertical_length_tablet=\u00bb0px\u00bb header_6_text_shadow_blur_strength=\u00bbheader_6_text_shadow_style,%91object Object%93&#8243; header_6_text_shadow_blur_strength_tablet=\u00bb1px\u00bb box_shadow_horizontal_tablet=\u00bb0px\u00bb box_shadow_vertical_tablet=\u00bb0px\u00bb box_shadow_blur_tablet=\u00bb40px\u00bb box_shadow_spread_tablet=\u00bb0px\u00bb vertical_offset_tablet=\u00bb0&#8243; horizontal_offset_tablet=\u00bb0&#8243; z_index_tablet=\u00bb0&#8243;]<\/p>\n<p>\nEn una mano podr\u00eda llevar un cubo y, en la otra, una brocha. De vez en cuando se detendr\u00eda y, a tientas, podr\u00eda empezar a pintar el aire. Porque aunque nadie lo haya visto no impide, sin embargo, que no pudiera hacerlo, o incluso que ahora, ahora mismo, lo estuviera haciendo.<\/p>\n<p>A pesar de que a menudo hablar\u00eda solo, o lo podr\u00eda parecer, podr\u00eda decir tambi\u00e9n que \u00absi sacamos cuentas, gran parte del tiempo, del tiempo de cada d\u00eda, se entiende: nos lo pasamos sin hablar con casi nadie o, si lo hacemos, lo hacemos en forma de mon\u00f3logo.\u00bb<\/p>\n<p>Sus poemas ser\u00edan un amasijo de sentimientos, mezcla de la angustia m\u00e1s profunda y, a la vez, de la alegr\u00eda de vivir m\u00e1s exultante, con lo que probar\u00edamos realmente nuestra hip\u00f3tesis sobre el cubo y la m\u00e1s que probable composici\u00f3n de su contenido. Palabras que justificar\u00edan \u00abuna necesidad imperiosa de agujerear el aislamiento y expulsar lo que hay tras estos impertinentes silencios\u00bb.<\/p>\n<p>Un d\u00eda, nos podr\u00eda llegar a confesar sus miedos -previa relaci\u00f3n de profunda amistad, por otro lado, dif\u00edcil-, que en el cubo habr\u00eda, seg\u00fan palabras textuales suyas, \u00abmucha mierda\u00bb. Y si otro d\u00eda pasara y lleg\u00e1semos a intuir que es \u00e9l -realmente, y dada la situaci\u00f3n, es del todo improbable-, podr\u00edamos o\u00edrlo refunfu\u00f1ar \u00abun mon\u00f3logo que dispara una voz que es otro mon\u00f3logo y as\u00ed hasta el l\u00edmite, ininterrumpidamente, hasta la desesperaci\u00f3n, la muerte.\u00bb<\/p>\n<p>Todos los poemas que tuvieran que ser escritos, formar\u00edan parte de un proyecto que no sabr\u00eda si ser\u00eda capaz de alcanzar -vaciar a menudo el cubo, claro est\u00e1. Una forma m\u00e1s, como cualquier otra, de no estar muerto.<\/p>\n<h3><span style=\"color: #000000;\"><strong>Estilo<\/strong><\/span><\/h3>\n<p>\u00abLa palabra como vida, la densidad del proceso creativo, nos llevan a la poes\u00eda existencial de un solitario.\u00bb <strong><a href=\"https:\/\/es.wikipedia.org\/wiki\/David_Castillo_Bu%C3%AFls\" target=\"_blank\" rel=\"noopener\">David Castillo Bu\u00efls<\/a><\/strong>&#8211; Poeta, bi\u00f3grafo y novelista<\/p>\n<p>\u00abLa concepci\u00f3n del mundo, del hombre y de la existencia humana, la suya es una poes\u00eda de pensamiento, una poes\u00eda que tiene como objetivo central propiciar el acto de pensar. Pero no se trata de una poes\u00eda puramente intelectual porque, aunque es rica en conceptos filos\u00f3ficos \u00abest\u00e1 llena de impl\u00edcitos metaf\u00edsicos\u00bb, es una poes\u00eda intensamente apasionada que hace latir el coraz\u00f3n y propicia estados de \u00e1nimo dif\u00edciles de definir a priori.\u00bb <strong><a href=\"http:\/\/www.francesctorralba.com\/?sLang=es\" target=\"_blank\" rel=\"noopener\">Francesc Torralba<\/a><\/strong> &#8211; Fil\u00f3sofo y Te\u00f3logo Laico<\/p>\n<p>\u00abManel Queralt no se limita a dejar que sus versos, su palabra po\u00e9tica, expresen espont\u00e1neamente y irreflexiva sus sentimientos y su visi\u00f3n del mundo en el que vivimos, sino que emplea estas palabras de siempre (met\u00e1foras, im\u00e1genes, recursos utilizados por los poetas), para recorrer e iluminar todos los rincones de la existencia con el \u00e1nimo de mostrarnos su dial\u00e9ctica, los movimientos tortuosos del individuo de hoy, su desaz\u00f3n, dentro de un mundo tan complejo.\u00bb <strong>Daniel Casas i Llim\u00f3s<\/strong> (Art\u00e9s, 1961 &#8211; Manresa, 2010) &#8211; Fil\u00f3sofo y escritor<\/p>\n<p>\u00ab&#8230; Tiene algo de corredor de fondo, de aquel personaje poco proclive al gregarismo y que va marcando su propio tempo a la hora de producir una poes\u00eda comprometida en el intento de hablar del lado m\u00e1s oscuro del ser humano, lo que supone un ejercicio de generosidad entroncado con la idea de un arte al servicio de la comprensi\u00f3n de la vida.\u00bb <strong><a href=\"https:\/\/es.wikipedia.org\/wiki\/Miquel-Llu%C3%ADs_Muntan%C3%A9\" target=\"_blank\" rel=\"noopener\">Miquel-Llu\u00eds Muntan\u00e9<\/a><\/strong> &#8211; Soci\u00f3logo, escritor y traductor<\/p>\n<h3><span style=\"color: #000000;\"><strong>Poes\u00eda en catal\u00e1n<\/strong><\/span><\/h3>\n<p>1990 <a title=\"Xiscle\" href=\"https:\/\/manelqueralt.net\/es\/project\/xiscle-2\/?lang=es\"><em>Xiscle<\/em><\/a><br \/>1992 <a title=\"Ena menys una\" href=\"https:\/\/manelqueralt.net\/es\/project\/ena-menys-una-2\/?lang=es\"><em>Ena menys una<\/em><\/a><br \/>1995 <a title=\"Druda\" href=\"https:\/\/manelqueralt.net\/es\/project\/druda-2\/?lang=es\"><em>Druda<\/em><\/a><br \/>2000 <a title=\"Trit\" href=\"https:\/\/manelqueralt.net\/es\/project\/trit-2\/?lang=es\"><em>Trit<\/em><\/a><br \/>2004 <a title=\"Miserere\" href=\"https:\/\/manelqueralt.net\/es\/project\/miserere-2\/?lang=es\"><em>Miserere<\/em><\/a><br \/>2004 <a title=\"Vacu, l\u00b4\u00e9sser sofrent\" href=\"https:\/\/manelqueralt.net\/es\/project\/vacu-lesser-sofrent-2\/?lang=es\"><em>Vacu, l&#8217;\u00e9sser sofrent<\/em><\/a><br \/>2005 <a title=\"Nicis\" href=\"https:\/\/manelqueralt.net\/es\/project\/nicis-2\/?lang=es\"><em>Nicis<\/em><\/a><br \/>2007 <a title=\"Ecs, perpetuum mobile\" href=\"https:\/\/manelqueralt.net\/es\/project\/ecs-perpetuum-mobile-2\/?lang=es\"><em>Ecs, perpetuum mobile<\/em><\/a><br \/>2007 <a title=\"Atziacs\" href=\"https:\/\/manelqueralt.net\/es\/project\/atziacs\/?lang=es\"><em>Atziacs<\/em><\/a><br \/>2007 <a title=\"A furt \u2013 Obra po\u00e8tica 1990-2006\" href=\"https:\/\/manelqueralt.net\/es\/project\/a-furt-obra-poetica-1990-2006-2\/?lang=es\"><em>A furt &#8211; Obra po\u00e8tica<\/em> 1990-2006<\/a><br \/>2008 <a title=\"Bra, llavis negres\" href=\"https:\/\/manelqueralt.net\/es\/project\/bra-llavis-negres\/?lang=es\"><em>Bra, llavis negres<\/em><\/a><br \/>2011 <a title=\"Fora (en estat de sense sostre)\" href=\"https:\/\/manelqueralt.net\/es\/project\/fora-en-estat-de-sense-sostre\/?lang=es\">Fora, en estat de sense sostre<\/a><br \/>2012 <a title=\"Excret\u00f2ria\" href=\"https:\/\/manelqueralt.net\/es\/project\/excretoria\/?lang=es\"><em>Excret\u00f2ria<\/em><\/a><br \/>2015 <a title=\"Brosta, verd sobre verd\" href=\"https:\/\/manelqueralt.net\/es\/project\/brosta-verd-sobre-verd-2\/?lang=es\"><em>Brosta, verd sobre verd &#8211; Web 2.0<\/em><\/a><br \/>2018&nbsp;<a title=\"Rost\" href=\"https:\/\/manelqueralt.net\/es\/project\/rost\/?lang=es\"><em>Rost<\/em><\/a><br \/>2023&nbsp;<a title=\"Homei\" href=\"https:\/\/manelqueralt.net\/es\/project\/homei\/?lang=es\"><em>Homei<\/em><\/a><\/p>\n<h3><span style=\"color: #000000;\"><strong>Traducciones al espa\u00f1ol<\/strong><\/span><\/h3>\n<p>2004 <a title=\"Chillido\" href=\"https:\/\/manelqueralt.net\/project\/chillido-2\/?lang=es\"><em>Chillido<\/em><\/a> (por Isabel Foo)<br \/>2005 <a title=\"Ena menys una\" href=\"https:\/\/manelqueralt.net\/project\/ene-menos-una-2\/?lang=es\"><em>Ene menos una<\/em><\/a> (por Isabel Foo)<br \/>2006 <a title=\"Druda, el vigilante de la obra\" href=\"https:\/\/manelqueralt.net\/project\/druda-el-vigilante-de-la-obra-2\/?lang=es\" target=\"_blank\" rel=\"noopener\"><em>Druda, el vigilante de la obra<\/em><\/a> (por Isabel Foo)<br \/>2009 <a title=\"Vacu, el ser sufriente\" href=\"https:\/\/manelqueralt.net\/project\/vacu-el-ser-sufriente\/?lang=es\"><em>Vacu, el ser sufriente<\/em><\/a><\/p>\n<h3><span style=\"color: #000000;\"><strong>Otras traducciones<\/strong><\/span><\/h3>\n<p><em><a href=\"https:\/\/manelqueralt.net\/project\/vacu-izaki-sufritzailea-euskara-2\/?lang=es\" target=\"_blank\" rel=\"noopener\">Vacu, izaki sufritzailea<\/a><\/em><br \/>(Euskera: Jon Elordi)<\/p>\n<p><em><a href=\"https:\/\/manelqueralt.net\/project\/vacu-o-ser-sufrinte-galego\/?lang=es\" target=\"_blank\" rel=\"noopener\">Vacu, o ser sufrinte<\/a><\/em><br \/>(Gallego: Mar\u00eda Cui\u00f1as)<\/p>\n<p><em><a href=\"https:\/\/manelqueralt.net\/project\/vacu-the-suffering-being-english\/?lang=es\" target=\"_blank\" rel=\"noopener\">Vacu, the suffering being<\/a><\/em><br \/>(Angl\u00e9s: \u00c1ngel Mirou)<\/p>\n<p><a href=\"https:\/\/manelqueralt.net\/project\/vacu-the-suffering-being-japanese\/?lang=es\" target=\"_blank\" rel=\"noopener\">\u30d0\u30af\u30fc \u82e6\u60a9\u3059\u308b\u8005<\/a><br \/>(Japon\u00e9s: Yukiko Kimura)<\/p>\n<p><a href=\"https:\/\/manelqueralt.net\/project\/vacu-the-suffering-being-spanish-korean-3\/?lang=es\" target=\"_blank\" rel=\"noopener\">\ubc14\uafb8 \uace0\ud1b5\uc758 \uc874\uc7ac<\/a><br \/>(Coreano: Mihwa Jo i Singyu Kang)<\/p>\n<p>[\/et_pb_text][\/et_pb_column][et_pb_column type=\u00bb1_3&#8243; custom_padding__hover=\u00bb|||\u00bb custom_padding=\u00bb|||\u00bb][et_pb_image show_in_lightbox=\u00bbon\u00bb url_new_window=\u00bboff\u00bb animation=\u00bbtop\u00bb sticky=\u00bboff\u00bb src=\u00bbhttps:\/\/manelqueralt.net\/wp-content\/uploads\/2015\/03\/MQ_Foto2.jpg\u00bb alt=\u00bbManel Queralt\u00bb title_text=\u00bbManel Queralt\u00bb animation_style=\u00bbslide\u00bb animation_duration=\u00bb500ms\u00bb animation_intensity_slide=\u00bb10%\u00bb animation_direction=\u00bbtop\u00bb show_bottom_space=\u00bbon\u00bb align_last_edited=\u00bbon|desktop\u00bb align_tablet=\u00bbcenter\u00bb \/][et_pb_text text_orientation=\u00bbcenter\u00bb background_position=\u00bbtop_left\u00bb background_repeat=\u00bbrepeat\u00bb background_size=\u00bbinitial\u00bb module_alignment=\u00bbcenter\u00bb _builder_version=\u00bb4.25.0&#8243; background_pattern_color=\u00bbrgba(0,0,0,0.2)\u00bb background_mask_color=\u00bb#ffffff\u00bb text_text_shadow_horizontal_length=\u00bbtext_text_shadow_style,%91object Object%93&#8243; text_text_shadow_horizontal_length_tablet=\u00bb0px\u00bb text_text_shadow_vertical_length=\u00bbtext_text_shadow_style,%91object Object%93&#8243; text_text_shadow_vertical_length_tablet=\u00bb0px\u00bb text_text_shadow_blur_strength=\u00bbtext_text_shadow_style,%91object Object%93&#8243; text_text_shadow_blur_strength_tablet=\u00bb1px\u00bb link_text_shadow_horizontal_length=\u00bblink_text_shadow_style,%91object Object%93&#8243; link_text_shadow_horizontal_length_tablet=\u00bb0px\u00bb link_text_shadow_vertical_length=\u00bblink_text_shadow_style,%91object Object%93&#8243; link_text_shadow_vertical_length_tablet=\u00bb0px\u00bb link_text_shadow_blur_strength=\u00bblink_text_shadow_style,%91object Object%93&#8243; link_text_shadow_blur_strength_tablet=\u00bb1px\u00bb ul_text_shadow_horizontal_length=\u00bbul_text_shadow_style,%91object Object%93&#8243; ul_text_shadow_horizontal_length_tablet=\u00bb0px\u00bb ul_text_shadow_vertical_length=\u00bbul_text_shadow_style,%91object Object%93&#8243; ul_text_shadow_vertical_length_tablet=\u00bb0px\u00bb ul_text_shadow_blur_strength=\u00bbul_text_shadow_style,%91object Object%93&#8243; ul_text_shadow_blur_strength_tablet=\u00bb1px\u00bb ol_text_shadow_horizontal_length=\u00bbol_text_shadow_style,%91object Object%93&#8243; ol_text_shadow_horizontal_length_tablet=\u00bb0px\u00bb ol_text_shadow_vertical_length=\u00bbol_text_shadow_style,%91object Object%93&#8243; ol_text_shadow_vertical_length_tablet=\u00bb0px\u00bb ol_text_shadow_blur_strength=\u00bbol_text_shadow_style,%91object Object%93&#8243; ol_text_shadow_blur_strength_tablet=\u00bb1px\u00bb quote_text_shadow_horizontal_length=\u00bbquote_text_shadow_style,%91object Object%93&#8243; quote_text_shadow_horizontal_length_tablet=\u00bb0px\u00bb quote_text_shadow_vertical_length=\u00bbquote_text_shadow_style,%91object Object%93&#8243; quote_text_shadow_vertical_length_tablet=\u00bb0px\u00bb quote_text_shadow_blur_strength=\u00bbquote_text_shadow_style,%91object Object%93&#8243; quote_text_shadow_blur_strength_tablet=\u00bb1px\u00bb header_text_shadow_horizontal_length=\u00bbheader_text_shadow_style,%91object Object%93&#8243; header_text_shadow_horizontal_length_tablet=\u00bb0px\u00bb header_text_shadow_vertical_length=\u00bbheader_text_shadow_style,%91object Object%93&#8243; header_text_shadow_vertical_length_tablet=\u00bb0px\u00bb header_text_shadow_blur_strength=\u00bbheader_text_shadow_style,%91object Object%93&#8243; header_text_shadow_blur_strength_tablet=\u00bb1px\u00bb header_2_text_shadow_horizontal_length=\u00bbheader_2_text_shadow_style,%91object Object%93&#8243; header_2_text_shadow_horizontal_length_tablet=\u00bb0px\u00bb header_2_text_shadow_vertical_length=\u00bbheader_2_text_shadow_style,%91object Object%93&#8243; header_2_text_shadow_vertical_length_tablet=\u00bb0px\u00bb header_2_text_shadow_blur_strength=\u00bbheader_2_text_shadow_style,%91object Object%93&#8243; header_2_text_shadow_blur_strength_tablet=\u00bb1px\u00bb header_3_text_shadow_horizontal_length=\u00bbheader_3_text_shadow_style,%91object Object%93&#8243; header_3_text_shadow_horizontal_length_tablet=\u00bb0px\u00bb header_3_text_shadow_vertical_length=\u00bbheader_3_text_shadow_style,%91object Object%93&#8243; header_3_text_shadow_vertical_length_tablet=\u00bb0px\u00bb header_3_text_shadow_blur_strength=\u00bbheader_3_text_shadow_style,%91object Object%93&#8243; header_3_text_shadow_blur_strength_tablet=\u00bb1px\u00bb header_4_text_shadow_horizontal_length=\u00bbheader_4_text_shadow_style,%91object Object%93&#8243; header_4_text_shadow_horizontal_length_tablet=\u00bb0px\u00bb header_4_text_shadow_vertical_length=\u00bbheader_4_text_shadow_style,%91object Object%93&#8243; header_4_text_shadow_vertical_length_tablet=\u00bb0px\u00bb header_4_text_shadow_blur_strength=\u00bbheader_4_text_shadow_style,%91object Object%93&#8243; header_4_text_shadow_blur_strength_tablet=\u00bb1px\u00bb header_5_text_shadow_horizontal_length=\u00bbheader_5_text_shadow_style,%91object Object%93&#8243; header_5_text_shadow_horizontal_length_tablet=\u00bb0px\u00bb header_5_text_shadow_vertical_length=\u00bbheader_5_text_shadow_style,%91object Object%93&#8243; header_5_text_shadow_vertical_length_tablet=\u00bb0px\u00bb header_5_text_shadow_blur_strength=\u00bbheader_5_text_shadow_style,%91object Object%93&#8243; header_5_text_shadow_blur_strength_tablet=\u00bb1px\u00bb header_6_text_shadow_horizontal_length=\u00bbheader_6_text_shadow_style,%91object Object%93&#8243; header_6_text_shadow_horizontal_length_tablet=\u00bb0px\u00bb header_6_text_shadow_vertical_length=\u00bbheader_6_text_shadow_style,%91object Object%93&#8243; header_6_text_shadow_vertical_length_tablet=\u00bb0px\u00bb header_6_text_shadow_blur_strength=\u00bbheader_6_text_shadow_style,%91object Object%93&#8243; header_6_text_shadow_blur_strength_tablet=\u00bb1px\u00bb box_shadow_horizontal_tablet=\u00bb0px\u00bb box_shadow_vertical_tablet=\u00bb0px\u00bb box_shadow_blur_tablet=\u00bb40px\u00bb box_shadow_spread_tablet=\u00bb0px\u00bb vertical_offset_tablet=\u00bb0&#8243; horizontal_offset_tablet=\u00bb0&#8243; z_index_tablet=\u00bb0&#8243;]<\/p>\n<p>Manel Queralt i Utrilla<br \/>(Barcelona, 1959)<br \/>Poeta, alpinista e ingeniero inform\u00e1tico<\/p>\n<p>[\/et_pb_text][et_pb_sidebar orientation=\u00bbleft\u00bb area=\u00bbet_pb_widget_area_4&#8243; background_layout=\u00bblight\u00bb show_border=\u00bbon\u00bb \/][\/et_pb_column][\/et_pb_row][\/et_pb_section]<\/p>\n","protected":false},"excerpt":{"rendered":"<p><div class=\"et_pb_row et_pb_row_0 et_pb_row_empty\">\n\t\t\t\t\n\t\t\t\t\n\t\t\t\t\n\t\t\t\t\n\t\t\t\t\n\t\t\t<\/div> En una mano podr\u00eda llevar un cubo y, en la otra, una brocha. De vez en cuando se detendr\u00eda y, a tientas, podr\u00eda empezar a pintar el aire. Porque aunque nadie lo haya visto no impide, sin embargo, que no pudiera hacerlo, o incluso que ahora, ahora mismo, lo estuviera haciendo. A pesar de [&hellip;]<\/p>\n","protected":false},"author":2,"featured_media":0,"parent":0,"menu_order":0,"comment_status":"closed","ping_status":"closed","template":"","meta":{"_et_pb_use_builder":"on","_et_pb_old_content":"","_et_gb_content_width":"","footnotes":""},"class_list":["post-1295","page","type-page","status-publish","hentry"],"_links":{"self":[{"href":"https:\/\/manelqueralt.net\/es\/wp-json\/wp\/v2\/pages\/1295"}],"collection":[{"href":"https:\/\/manelqueralt.net\/es\/wp-json\/wp\/v2\/pages"}],"about":[{"href":"https:\/\/manelqueralt.net\/es\/wp-json\/wp\/v2\/types\/page"}],"author":[{"embeddable":true,"href":"https:\/\/manelqueralt.net\/es\/wp-json\/wp\/v2\/users\/2"}],"replies":[{"embeddable":true,"href":"https:\/\/manelqueralt.net\/es\/wp-json\/wp\/v2\/comments?post=1295"}],"version-history":[{"count":41,"href":"https:\/\/manelqueralt.net\/es\/wp-json\/wp\/v2\/pages\/1295\/revisions"}],"predecessor-version":[{"id":2919,"href":"https:\/\/manelqueralt.net\/es\/wp-json\/wp\/v2\/pages\/1295\/revisions\/2919"}],"wp:attachment":[{"href":"https:\/\/manelqueralt.net\/es\/wp-json\/wp\/v2\/media?parent=1295"}],"curies":[{"name":"wp","href":"https:\/\/api.w.org\/{rel}","templated":true}]}}